{"id":1332,"date":"2023-11-22T16:29:22","date_gmt":"2023-11-22T15:29:22","guid":{"rendered":"https:\/\/www.galaxiavr.sk\/gift-cards\/"},"modified":"2023-11-22T16:52:03","modified_gmt":"2023-11-22T15:52:03","slug":"gift-cards","status":"publish","type":"page","link":"https:\/\/galaxiavr.sk\/en\/gift-cards\/","title":{"rendered":"Gift cards"},"content":{"rendered":"<style>.elementor-1332 .elementor-element.elementor-element-b177a55 > .elementor-container{max-width:1200px;}.elementor-1332 .elementor-element.elementor-element-b177a55:not(.elementor-motion-effects-element-type-background), .elementor-1332 .elementor-element.elementor-element-b177a55 > .elementor-motion-effects-container > .elementor-motion-effects-layer{background-image:url(\"https:\/\/galaxiavr.sk\/wp-content\/uploads\/2023\/11\/3840x2400-px-colors-galaxy-glow-NASA-nebula-1734845-wallhere.com-1-1-1.jpg\");background-position:center center;background-repeat:no-repeat;background-size:cover;}.elementor-1332 .elementor-element.elementor-element-b177a55 > .elementor-background-overlay{background-color:var( --e-global-color-eff1fa3 );opacity:0.8;transition:background 0.3s, border-radius 0.3s, opacity 0.3s;}.elementor-1332 .elementor-element.elementor-element-b177a55{transition:background 0.3s, border 0.3s, border-radius 0.3s, box-shadow 0.3s;margin-top:0px;margin-bottom:0px;padding:250px 0px 150px 0px;}.elementor-1332 .elementor-element.elementor-element-b177a55 > .elementor-shape-bottom .elementor-shape-fill{fill:#FFFFFF;}.elementor-1332 .elementor-element.elementor-element-b177a55 > .elementor-shape-bottom svg{height:100px;transform:translateX(-50%) rotateY(180deg);}.elementor-1332 .elementor-element.elementor-element-38191516 .elementor-heading-title{font-family:var( --e-global-typography-bef57b0-font-family ), Sans-serif;font-size:var( --e-global-typography-bef57b0-font-size );font-weight:var( --e-global-typography-bef57b0-font-weight );line-height:var( --e-global-typography-bef57b0-line-height );letter-spacing:var( --e-global-typography-bef57b0-letter-spacing );word-spacing:var( --e-global-typography-bef57b0-word-spacing );color:var( --e-global-color-f4961db );}.elementor-1332 .elementor-element.elementor-element-7ef9d6f9 .elementor-icon-list-items:not(.elementor-inline-items) .elementor-icon-list-item:not(:last-child){padding-block-end:calc(25px\/2);}.elementor-1332 .elementor-element.elementor-element-7ef9d6f9 .elementor-icon-list-items:not(.elementor-inline-items) .elementor-icon-list-item:not(:first-child){margin-block-start:calc(25px\/2);}.elementor-1332 .elementor-element.elementor-element-7ef9d6f9 .elementor-icon-list-items.elementor-inline-items .elementor-icon-list-item{margin-inline:calc(25px\/2);}.elementor-1332 .elementor-element.elementor-element-7ef9d6f9 .elementor-icon-list-items.elementor-inline-items{margin-inline:calc(-25px\/2);}.elementor-1332 .elementor-element.elementor-element-7ef9d6f9 .elementor-icon-list-items.elementor-inline-items .elementor-icon-list-item:after{inset-inline-end:calc(-25px\/2);}.elementor-1332 .elementor-element.elementor-element-7ef9d6f9 .elementor-icon-list-item:not(:last-child):after{content:\"\";height:25%;border-color:var( --e-global-color-secondary );}.elementor-1332 .elementor-element.elementor-element-7ef9d6f9 .elementor-icon-list-items:not(.elementor-inline-items) .elementor-icon-list-item:not(:last-child):after{border-block-start-style:dotted;border-block-start-width:6px;}.elementor-1332 .elementor-element.elementor-element-7ef9d6f9 .elementor-icon-list-items.elementor-inline-items .elementor-icon-list-item:not(:last-child):after{border-inline-start-style:dotted;}.elementor-1332 .elementor-element.elementor-element-7ef9d6f9 .elementor-inline-items .elementor-icon-list-item:not(:last-child):after{border-inline-start-width:6px;}.elementor-1332 .elementor-element.elementor-element-7ef9d6f9 .elementor-icon-list-icon i{transition:color 0.3s;}.elementor-1332 .elementor-element.elementor-element-7ef9d6f9 .elementor-icon-list-icon svg{transition:fill 0.3s;}.elementor-1332 .elementor-element.elementor-element-7ef9d6f9{--e-icon-list-icon-size:6px;--e-icon-list-icon-align:left;--e-icon-list-icon-margin:0 calc(var(--e-icon-list-icon-size, 1em) * 0.25) 0 0;--icon-vertical-offset:0px;}.elementor-1332 .elementor-element.elementor-element-7ef9d6f9 .elementor-icon-list-item > .elementor-icon-list-text, .elementor-1332 .elementor-element.elementor-element-7ef9d6f9 .elementor-icon-list-item > a{font-family:var( --e-global-typography-88a4c76-font-family ), Sans-serif;font-size:var( --e-global-typography-88a4c76-font-size );font-weight:var( --e-global-typography-88a4c76-font-weight );line-height:var( --e-global-typography-88a4c76-line-height );letter-spacing:var( --e-global-typography-88a4c76-letter-spacing );word-spacing:var( --e-global-typography-88a4c76-word-spacing );}.elementor-1332 .elementor-element.elementor-element-7ef9d6f9 .elementor-icon-list-text{color:var( --e-global-color-f4961db );transition:color 0.3s;}.elementor-1332 .elementor-element.elementor-element-7ef9d6f9 .elementor-icon-list-item:hover .elementor-icon-list-text{color:#20E8FF;}.elementor-1332 .elementor-element.elementor-element-7ef9d6f9 > .elementor-widget-container{margin:0px 0px 0px 0px;border-radius:0px 0px 0px 0px;}.elementor-1332 .elementor-element.elementor-element-d49aaae{--display:flex;--flex-direction:column;--container-widget-width:100%;--container-widget-height:initial;--container-widget-flex-grow:0;--container-widget-align-self:initial;--flex-wrap-mobile:wrap;--margin-top:0px;--margin-bottom:0px;--margin-left:0px;--margin-right:0px;--padding-top:50px;--padding-bottom:0px;--padding-left:0px;--padding-right:0px;}@media(min-width:768px){.elementor-1332 .elementor-element.elementor-element-d49aaae{--content-width:1200px;}}@media(max-width:1024px){.elementor-1332 .elementor-element.elementor-element-b177a55:not(.elementor-motion-effects-element-type-background), .elementor-1332 .elementor-element.elementor-element-b177a55 > .elementor-motion-effects-container > .elementor-motion-effects-layer{background-position:65% 0%;}.elementor-1332 .elementor-element.elementor-element-406ce5e1 > .elementor-element-populated{margin:0px 10px 0px 10px;--e-column-margin-right:10px;--e-column-margin-left:10px;}.elementor-1332 .elementor-element.elementor-element-38191516 .elementor-heading-title{font-size:var( --e-global-typography-bef57b0-font-size );line-height:var( --e-global-typography-bef57b0-line-height );letter-spacing:var( --e-global-typography-bef57b0-letter-spacing );word-spacing:var( --e-global-typography-bef57b0-word-spacing );}.elementor-1332 .elementor-element.elementor-element-7ef9d6f9 .elementor-icon-list-item > .elementor-icon-list-text, .elementor-1332 .elementor-element.elementor-element-7ef9d6f9 .elementor-icon-list-item > a{font-size:var( --e-global-typography-88a4c76-font-size );line-height:var( --e-global-typography-88a4c76-line-height );letter-spacing:var( --e-global-typography-88a4c76-letter-spacing );word-spacing:var( --e-global-typography-88a4c76-word-spacing );}}@media(max-width:767px){.elementor-1332 .elementor-element.elementor-element-b177a55:not(.elementor-motion-effects-element-type-background), .elementor-1332 .elementor-element.elementor-element-b177a55 > .elementor-motion-effects-container > .elementor-motion-effects-layer{background-position:70% 0%;}.elementor-1332 .elementor-element.elementor-element-b177a55{padding:250px 5px 150px 5px;}.elementor-1332 .elementor-element.elementor-element-406ce5e1 > .elementor-element-populated{margin:0px 0px 0px 0px;--e-column-margin-right:0px;--e-column-margin-left:0px;}.elementor-1332 .elementor-element.elementor-element-38191516 .elementor-heading-title{font-size:var( --e-global-typography-bef57b0-font-size );line-height:var( --e-global-typography-bef57b0-line-height );letter-spacing:var( --e-global-typography-bef57b0-letter-spacing );word-spacing:var( --e-global-typography-bef57b0-word-spacing );}.elementor-1332 .elementor-element.elementor-element-7ef9d6f9 .elementor-icon-list-item > .elementor-icon-list-text, .elementor-1332 .elementor-element.elementor-element-7ef9d6f9 .elementor-icon-list-item > a{font-size:var( --e-global-typography-88a4c76-font-size );line-height:var( --e-global-typography-88a4c76-line-height );letter-spacing:var( --e-global-typography-88a4c76-letter-spacing );word-spacing:var( --e-global-typography-88a4c76-word-spacing );}.elementor-1332 .elementor-element.elementor-element-d49aaae{--content-width:92%;--padding-top:20px;--padding-bottom:0px;--padding-left:0px;--padding-right:0px;}}@media(min-width:1025px){.elementor-1332 .elementor-element.elementor-element-b177a55:not(.elementor-motion-effects-element-type-background), .elementor-1332 .elementor-element.elementor-element-b177a55 > .elementor-motion-effects-container > .elementor-motion-effects-layer{background-attachment:fixed;}}<\/style>\t\t<div data-elementor-type=\"wp-page\" data-elementor-id=\"1332\" class=\"elementor elementor-1332 elementor-1291\">\n\t\t\t\t\t\t<section class=\"elementor-section elementor-top-section elementor-element elementor-element-b177a55 elementor-reverse-tablet elementor-reverse-mobile elementor-section-boxed elementor-section-height-default elementor-section-height-default\" data-id=\"b177a55\" data-element_type=\"section\" data-e-type=\"section\" data-settings=\"{&quot;background_background&quot;:&quot;classic&quot;,&quot;shape_divider_bottom&quot;:&quot;tilt&quot;}\">\n\t\t\t\t\t\t\t<div class=\"elementor-background-overlay\"><\/div>\n\t\t\t\t\t\t<div class=\"elementor-shape elementor-shape-bottom\" aria-hidden=\"true\" data-negative=\"false\">\n\t\t\t<svg xmlns=\"http:\/\/www.w3.org\/2000\/svg\" viewBox=\"0 0 1000 100\" preserveAspectRatio=\"none\">\n\t<path class=\"elementor-shape-fill\" d=\"M0,6V0h1000v100L0,6z\"\/>\n<\/svg>\t\t<\/div>\n\t\t\t\t\t<div class=\"elementor-container elementor-column-gap-default\">\n\t\t\t\t\t<div class=\"elementor-column elementor-col-100 elementor-top-column elementor-element elementor-element-406ce5e1\" data-id=\"406ce5e1\" data-element_type=\"column\" data-e-type=\"column\">\n\t\t\t<div class=\"elementor-widget-wrap elementor-element-populated\">\n\t\t\t\t\t\t<div class=\"elementor-element elementor-element-38191516 elementor-widget elementor-widget-heading\" data-id=\"38191516\" data-element_type=\"widget\" data-e-type=\"widget\" data-widget_type=\"heading.default\">\n\t\t\t\t<div class=\"elementor-widget-container\">\n\t\t\t\t\t<h2 class=\"elementor-heading-title elementor-size-default\">Gift cards<\/h2>\t\t\t\t<\/div>\n\t\t\t\t<\/div>\n\t\t\t\t<div class=\"elementor-element elementor-element-7ef9d6f9 elementor-align-start elementor-icon-list--layout-inline elementor-mobile-align-start elementor-list-item-link-full_width elementor-widget elementor-widget-icon-list\" data-id=\"7ef9d6f9\" data-element_type=\"widget\" data-e-type=\"widget\" data-widget_type=\"icon-list.default\">\n\t\t\t\t<div class=\"elementor-widget-container\">\n\t\t\t\t\t\t\t<ul class=\"elementor-icon-list-items elementor-inline-items\">\n\t\t\t\t\t\t\t<li class=\"elementor-icon-list-item elementor-inline-item\">\n\t\t\t\t\t\t\t\t\t\t\t<a href=\"https:\/\/www.galaxiavr.sk\/en\/\">\n\n\t\t\t\t\t\t\t\t\t\t\t<span class=\"elementor-icon-list-text\">Home<\/span>\n\t\t\t\t\t\t\t\t\t\t\t<\/a>\n\t\t\t\t\t\t\t\t\t<\/li>\n\t\t\t\t\t\t\t\t<li class=\"elementor-icon-list-item elementor-inline-item\">\n\t\t\t\t\t\t\t\t\t\t<span class=\"elementor-icon-list-text\">Gift cards<\/span>\n\t\t\t\t\t\t\t\t\t<\/li>\n\t\t\t\t\t\t<\/ul>\n\t\t\t\t\t\t<\/div>\n\t\t\t\t<\/div>\n\t\t\t\t\t<\/div>\n\t\t<\/div>\n\t\t\t\t\t<\/div>\n\t\t<\/section>\n\t\t<div class=\"elementor-element elementor-element-d49aaae e-flex e-con-boxed e-con e-parent\" data-id=\"d49aaae\" data-element_type=\"container\" data-e-type=\"container\">\n\t\t\t\t\t<div class=\"e-con-inner\">\n\t\t\t\t<div class=\"elementor-element elementor-element-705302c elementor-widget elementor-widget-shortcode\" data-id=\"705302c\" data-element_type=\"widget\" data-e-type=\"widget\" data-widget_type=\"shortcode.default\">\n\t\t\t\t<div class=\"elementor-widget-container\">\n\t\t\t\t\t\t\t<div class=\"elementor-shortcode\"><div id=\"invitonApiWrap-12469en\" style=\"position:relative;\" class=\"inviton-widget-root\"><div style=\"text-align: center; padding-top: 60px;\">Loading the <a href=\"https:\/\/www.inviton.eu\/\" target=\"_blank\">Online ticket sales<\/a> widget, please wait...<\/div><\/div>\n<script>\n    (function (i, n, v, l, t, o, m) {\n        if (!i['InvitonApiObject']) {\n            var cq=[],ia={showLoading:function(d){function f(p,q){h+='<div class=\"'+p+'\">'+(q?'<\/div>':'')}function g(p){f('rect'+p,!0)}var h='';f('holdon-content'),f('sk-rect');for(var j=1;6>j;j++)g(j);h+='<\/div><\/div>';var k=document.createElement('div');k.setAttribute('class','holdon-white holdon-overlay holdon-element'),k.innerHTML=h,d.appendChild(k)},pushCommand:function(d,f,g){null!=g&&null!=g.targetElement&&!1!=g.blockElem&&ia.showLoading(g.targetElement),cq.push([d,f,g])},getQueue:function(){return cq}},gcd=function(){var d=new Date,f=d.getMinutes();return 1==Math.abs(f%2)&&(d=new Date(d.getTime()-6e4)),d.setSeconds(0),d.setMilliseconds(0),d.getTime()};i.InvitonApiObject=ia,o=n.createElement('style'),o.innerHTML='.holdon-overlay{position:absolute;left:0;top:0;bottom:0;right:0;background:#000;background:rgba(0,0,0,.48);z-index:999;cursor:wait}.holdon-content{width:50px;height:57px;position:absolute;top:50%;left:50%;margin:-21px 0 0 -25px}.sk-rect{width:50px;height:40px;text-align:center;font-size:10px}.sk-rect>div{background-color:#b3b3b3;height:100%;width:6px;display:inline-block;-webkit-animation:sk-rect-anim 1.2s infinite ease-in-out;animation:sk-rect-anim 1.2s infinite ease-in-out;margin-left:2px}.sk-rect .rect2{-webkit-animation-delay:-1.1s;animation-delay:-1.1s}.sk-rect .rect3{-webkit-animation-delay:-1s;animation-delay:-1s}.sk-rect .rect4{-webkit-animation-delay:-.9s;animation-delay:-.9s}.sk-rect .rect5{-webkit-animation-delay:-.8s;animation-delay:-.8s}@-webkit-keyframes sk-rect-anim{0%,100%,40%{-webkit-transform:scaleY(.4)}20%{-webkit-transform:scaleY(1)}}@keyframes sk-rect-anim{0%,100%,40%{transform:scaleY(.4);-webkit-transform:scaleY(.4)}20%{transform:scaleY(1);-webkit-transform:scaleY(1)}}.holdon-white.holdon-overlay{background:rgba(255,255,255,.9)}.holdon-white.holdon-overlay .sk-rect>div{background-color:#cecece}',n.head.appendChild(o),i[t]=function(d,f,g){ia.pushCommand(d,f,g)},o=n.createElement(v),m=n.getElementsByTagName(v)[0],o.async=1,o.src=l+'?v='+gcd(),m.parentNode.insertBefore(o,m);\n        }\n    })(window, document, 'script', 'https:\/\/inviton-cdn.azureedge.net\/clientside-api\/js\/api-loader', 'invitonApi');\n\n    invitonApi('ticketSelector', 'renderForIds', {\n        language: 'en', \/\/sk, en, cs, de, pl, lv, auto [determines based on browser]\n        eventIds: [12469],\n        targetElement: document.getElementById('invitonApiWrap-12469en')\n    })\n<\/script><\/div>\n\t\t\t\t\t\t<\/div>\n\t\t\t\t<\/div>\n\t\t\t\t\t<\/div>\n\t\t\t\t<\/div>\n\t\t\t\t<\/div>\n\t\t","protected":false},"excerpt":{"rendered":"<p>Gift cards Home Gift cards Loading the Online ticket sales widget, please wait&#8230;<\/p>\n","protected":false},"author":1,"featured_media":0,"parent":0,"menu_order":0,"comment_status":"closed","ping_status":"closed","template":"elementor_header_footer","meta":{"om_disable_all_campaigns":false,"footnotes":""},"class_list":["post-1332","page","type-page","status-publish","hentry"],"yoast_head":"<!-- This site is optimized with the Yoast SEO plugin v27.4 - https:\/\/yoast.com\/product\/yoast-seo-wordpress\/ -->\n<title>Gift cards - GalaxiaVR Centrum z\u00e1bavy: virtu\u00e1lna realita, biliard, escape room<\/title>\n<meta name=\"description\" content=\"GalaxiaVR Centrum z\u00e1bavy: virtu\u00e1lna realita, biliard, escape room\" \/>\n<meta name=\"robots\" content=\"index, follow, max-snippet:-1, max-image-preview:large, max-video-preview:-1\" \/>\n<link rel=\"canonical\" href=\"https:\/\/galaxiavr.sk\/darcekove-poukazky\/\" \/>\n<meta property=\"og:locale\" content=\"en_US\" \/>\n<meta property=\"og:type\" content=\"article\" \/>\n<meta property=\"og:title\" content=\"Gift cards - GalaxiaVR Centrum z\u00e1bavy: virtu\u00e1lna realita, biliard, escape room\" \/>\n<meta property=\"og:description\" content=\"GalaxiaVR Centrum z\u00e1bavy: virtu\u00e1lna realita, biliard, escape room\" \/>\n<meta property=\"og:url\" content=\"https:\/\/galaxiavr.sk\/darcekove-poukazky\/\" \/>\n<meta property=\"og:site_name\" content=\"GalaxiaVR Centrum z\u00e1bavy: virtu\u00e1lna realita, biliard, escape room\" \/>\n<meta property=\"article:modified_time\" content=\"2023-11-22T15:52:03+00:00\" \/>\n<meta name=\"twitter:card\" content=\"summary_large_image\" \/>\n<script type=\"application\/ld+json\" class=\"yoast-schema-graph\">{\"@context\":\"https:\\\/\\\/schema.org\",\"@graph\":[{\"@type\":\"WebPage\",\"@id\":\"https:\\\/\\\/galaxiavr.sk\\\/darcekove-poukazky\\\/\",\"url\":\"https:\\\/\\\/galaxiavr.sk\\\/darcekove-poukazky\\\/\",\"name\":\"Gift cards - GalaxiaVR Centrum z\u00e1bavy: virtu\u00e1lna realita, biliard, escape room\",\"isPartOf\":{\"@id\":\"https:\\\/\\\/galaxiavr.sk\\\/#website\"},\"datePublished\":\"2023-11-22T15:29:22+00:00\",\"dateModified\":\"2023-11-22T15:52:03+00:00\",\"description\":\"GalaxiaVR Centrum z\u00e1bavy: virtu\u00e1lna realita, biliard, escape room\",\"breadcrumb\":{\"@id\":\"https:\\\/\\\/galaxiavr.sk\\\/darcekove-poukazky\\\/#breadcrumb\"},\"inLanguage\":\"en-US\",\"potentialAction\":[{\"@type\":\"ReadAction\",\"target\":[\"https:\\\/\\\/galaxiavr.sk\\\/darcekove-poukazky\\\/\"]}]},{\"@type\":\"BreadcrumbList\",\"@id\":\"https:\\\/\\\/galaxiavr.sk\\\/darcekove-poukazky\\\/#breadcrumb\",\"itemListElement\":[{\"@type\":\"ListItem\",\"position\":1,\"name\":\"Domovsk\u00e1 str\u00e1nka\",\"item\":\"https:\\\/\\\/galaxiavr.sk\\\/en\\\/\"},{\"@type\":\"ListItem\",\"position\":2,\"name\":\"Gift cards\"}]},{\"@type\":\"WebSite\",\"@id\":\"https:\\\/\\\/galaxiavr.sk\\\/#website\",\"url\":\"https:\\\/\\\/galaxiavr.sk\\\/\",\"name\":\"Galaxia centrum z\u00e1bavy\",\"description\":\"\",\"alternateName\":\"Galaxia VR\",\"potentialAction\":[{\"@type\":\"SearchAction\",\"target\":{\"@type\":\"EntryPoint\",\"urlTemplate\":\"https:\\\/\\\/galaxiavr.sk\\\/?s={search_term_string}\"},\"query-input\":{\"@type\":\"PropertyValueSpecification\",\"valueRequired\":true,\"valueName\":\"search_term_string\"}}],\"inLanguage\":\"en-US\"}]}<\/script>\n<!-- \/ Yoast SEO plugin. -->","yoast_head_json":{"title":"Gift cards - GalaxiaVR Centrum z\u00e1bavy: virtu\u00e1lna realita, biliard, escape room","description":"GalaxiaVR Centrum z\u00e1bavy: virtu\u00e1lna realita, biliard, escape room","robots":{"index":"index","follow":"follow","max-snippet":"max-snippet:-1","max-image-preview":"max-image-preview:large","max-video-preview":"max-video-preview:-1"},"canonical":"https:\/\/galaxiavr.sk\/darcekove-poukazky\/","og_locale":"en_US","og_type":"article","og_title":"Gift cards - GalaxiaVR Centrum z\u00e1bavy: virtu\u00e1lna realita, biliard, escape room","og_description":"GalaxiaVR Centrum z\u00e1bavy: virtu\u00e1lna realita, biliard, escape room","og_url":"https:\/\/galaxiavr.sk\/darcekove-poukazky\/","og_site_name":"GalaxiaVR Centrum z\u00e1bavy: virtu\u00e1lna realita, biliard, escape room","article_modified_time":"2023-11-22T15:52:03+00:00","twitter_card":"summary_large_image","schema":{"@context":"https:\/\/schema.org","@graph":[{"@type":"WebPage","@id":"https:\/\/galaxiavr.sk\/darcekove-poukazky\/","url":"https:\/\/galaxiavr.sk\/darcekove-poukazky\/","name":"Gift cards - GalaxiaVR Centrum z\u00e1bavy: virtu\u00e1lna realita, biliard, escape room","isPartOf":{"@id":"https:\/\/galaxiavr.sk\/#website"},"datePublished":"2023-11-22T15:29:22+00:00","dateModified":"2023-11-22T15:52:03+00:00","description":"GalaxiaVR Centrum z\u00e1bavy: virtu\u00e1lna realita, biliard, escape room","breadcrumb":{"@id":"https:\/\/galaxiavr.sk\/darcekove-poukazky\/#breadcrumb"},"inLanguage":"en-US","potentialAction":[{"@type":"ReadAction","target":["https:\/\/galaxiavr.sk\/darcekove-poukazky\/"]}]},{"@type":"BreadcrumbList","@id":"https:\/\/galaxiavr.sk\/darcekove-poukazky\/#breadcrumb","itemListElement":[{"@type":"ListItem","position":1,"name":"Domovsk\u00e1 str\u00e1nka","item":"https:\/\/galaxiavr.sk\/en\/"},{"@type":"ListItem","position":2,"name":"Gift cards"}]},{"@type":"WebSite","@id":"https:\/\/galaxiavr.sk\/#website","url":"https:\/\/galaxiavr.sk\/","name":"Galaxia centrum z\u00e1bavy","description":"","alternateName":"Galaxia VR","potentialAction":[{"@type":"SearchAction","target":{"@type":"EntryPoint","urlTemplate":"https:\/\/galaxiavr.sk\/?s={search_term_string}"},"query-input":{"@type":"PropertyValueSpecification","valueRequired":true,"valueName":"search_term_string"}}],"inLanguage":"en-US"}]}},"_links":{"self":[{"href":"https:\/\/galaxiavr.sk\/en\/wp-json\/wp\/v2\/pages\/1332","targetHints":{"allow":["GET"]}}],"collection":[{"href":"https:\/\/galaxiavr.sk\/en\/wp-json\/wp\/v2\/pages"}],"about":[{"href":"https:\/\/galaxiavr.sk\/en\/wp-json\/wp\/v2\/types\/page"}],"author":[{"embeddable":true,"href":"https:\/\/galaxiavr.sk\/en\/wp-json\/wp\/v2\/users\/1"}],"replies":[{"embeddable":true,"href":"https:\/\/galaxiavr.sk\/en\/wp-json\/wp\/v2\/comments?post=1332"}],"version-history":[{"count":9,"href":"https:\/\/galaxiavr.sk\/en\/wp-json\/wp\/v2\/pages\/1332\/revisions"}],"predecessor-version":[{"id":1342,"href":"https:\/\/galaxiavr.sk\/en\/wp-json\/wp\/v2\/pages\/1332\/revisions\/1342"}],"wp:attachment":[{"href":"https:\/\/galaxiavr.sk\/en\/wp-json\/wp\/v2\/media?parent=1332"}],"curies":[{"name":"wp","href":"https:\/\/api.w.org\/{rel}","templated":true}]}}