{"id":1145,"date":"2023-11-21T08:49:17","date_gmt":"2023-11-21T07:49:17","guid":{"rendered":"https:\/\/www.galaxiavr.sk\/reservations\/"},"modified":"2024-11-30T18:32:49","modified_gmt":"2024-11-30T17:32:49","slug":"reservations","status":"publish","type":"page","link":"https:\/\/galaxiavr.sk\/en\/reservations\/","title":{"rendered":"Reservations"},"content":{"rendered":"<style>.elementor-1145 .elementor-element.elementor-element-a7b195f > .elementor-container{max-width:1200px;}.elementor-1145 .elementor-element.elementor-element-a7b195f:not(.elementor-motion-effects-element-type-background), .elementor-1145 .elementor-element.elementor-element-a7b195f > .elementor-motion-effects-container > .elementor-motion-effects-layer{background-image:url(\"https:\/\/galaxiavr.sk\/wp-content\/uploads\/2023\/11\/3840x2400-px-colors-galaxy-glow-NASA-nebula-1734845-wallhere.com-1-1-1.jpg\");background-position:center center;background-repeat:no-repeat;background-size:cover;}.elementor-1145 .elementor-element.elementor-element-a7b195f > .elementor-background-overlay{background-color:var( --e-global-color-eff1fa3 );opacity:0.8;transition:background 0.3s, border-radius 0.3s, opacity 0.3s;}.elementor-1145 .elementor-element.elementor-element-a7b195f{transition:background 0.3s, border 0.3s, border-radius 0.3s, box-shadow 0.3s;margin-top:0px;margin-bottom:0px;padding:250px 0px 150px 0px;}.elementor-1145 .elementor-element.elementor-element-a7b195f > .elementor-shape-bottom .elementor-shape-fill{fill:#FFFFFF;}.elementor-1145 .elementor-element.elementor-element-a7b195f > .elementor-shape-bottom svg{height:100px;transform:translateX(-50%) rotateY(180deg);}.elementor-1145 .elementor-element.elementor-element-51c4cc4a .elementor-heading-title{font-family:var( --e-global-typography-bef57b0-font-family ), Sans-serif;font-size:var( --e-global-typography-bef57b0-font-size );font-weight:var( --e-global-typography-bef57b0-font-weight );line-height:var( --e-global-typography-bef57b0-line-height );letter-spacing:var( --e-global-typography-bef57b0-letter-spacing );word-spacing:var( --e-global-typography-bef57b0-word-spacing );color:var( --e-global-color-f4961db );}.elementor-1145 .elementor-element.elementor-element-535ab448 .elementor-icon-list-items:not(.elementor-inline-items) .elementor-icon-list-item:not(:last-child){padding-block-end:calc(25px\/2);}.elementor-1145 .elementor-element.elementor-element-535ab448 .elementor-icon-list-items:not(.elementor-inline-items) .elementor-icon-list-item:not(:first-child){margin-block-start:calc(25px\/2);}.elementor-1145 .elementor-element.elementor-element-535ab448 .elementor-icon-list-items.elementor-inline-items .elementor-icon-list-item{margin-inline:calc(25px\/2);}.elementor-1145 .elementor-element.elementor-element-535ab448 .elementor-icon-list-items.elementor-inline-items{margin-inline:calc(-25px\/2);}.elementor-1145 .elementor-element.elementor-element-535ab448 .elementor-icon-list-items.elementor-inline-items .elementor-icon-list-item:after{inset-inline-end:calc(-25px\/2);}.elementor-1145 .elementor-element.elementor-element-535ab448 .elementor-icon-list-item:not(:last-child):after{content:\"\";height:25%;border-color:var( --e-global-color-secondary );}.elementor-1145 .elementor-element.elementor-element-535ab448 .elementor-icon-list-items:not(.elementor-inline-items) .elementor-icon-list-item:not(:last-child):after{border-block-start-style:dotted;border-block-start-width:6px;}.elementor-1145 .elementor-element.elementor-element-535ab448 .elementor-icon-list-items.elementor-inline-items .elementor-icon-list-item:not(:last-child):after{border-inline-start-style:dotted;}.elementor-1145 .elementor-element.elementor-element-535ab448 .elementor-inline-items .elementor-icon-list-item:not(:last-child):after{border-inline-start-width:6px;}.elementor-1145 .elementor-element.elementor-element-535ab448 .elementor-icon-list-icon i{transition:color 0.3s;}.elementor-1145 .elementor-element.elementor-element-535ab448 .elementor-icon-list-icon svg{transition:fill 0.3s;}.elementor-1145 .elementor-element.elementor-element-535ab448{--e-icon-list-icon-size:6px;--e-icon-list-icon-align:left;--e-icon-list-icon-margin:0 calc(var(--e-icon-list-icon-size, 1em) * 0.25) 0 0;--icon-vertical-offset:0px;}.elementor-1145 .elementor-element.elementor-element-535ab448 .elementor-icon-list-item > .elementor-icon-list-text, .elementor-1145 .elementor-element.elementor-element-535ab448 .elementor-icon-list-item > a{font-family:var( --e-global-typography-88a4c76-font-family ), Sans-serif;font-size:var( --e-global-typography-88a4c76-font-size );font-weight:var( --e-global-typography-88a4c76-font-weight );line-height:var( --e-global-typography-88a4c76-line-height );letter-spacing:var( --e-global-typography-88a4c76-letter-spacing );word-spacing:var( --e-global-typography-88a4c76-word-spacing );}.elementor-1145 .elementor-element.elementor-element-535ab448 .elementor-icon-list-text{color:var( --e-global-color-f4961db );transition:color 0.3s;}.elementor-1145 .elementor-element.elementor-element-535ab448 .elementor-icon-list-item:hover .elementor-icon-list-text{color:#20E8FF;}.elementor-1145 .elementor-element.elementor-element-535ab448 > .elementor-widget-container{margin:0px 0px 0px 0px;border-radius:0px 0px 0px 0px;}.elementor-1145 .elementor-element.elementor-element-37ddbbc8 > .elementor-container{max-width:1200px;}.elementor-1145 .elementor-element.elementor-element-37ddbbc8:not(.elementor-motion-effects-element-type-background), .elementor-1145 .elementor-element.elementor-element-37ddbbc8 > .elementor-motion-effects-container > .elementor-motion-effects-layer{background-color:#FFFFFF;}.elementor-1145 .elementor-element.elementor-element-37ddbbc8{transition:background 0.3s, border 0.3s, border-radius 0.3s, box-shadow 0.3s;padding:50px 0px 50px 0px;}.elementor-1145 .elementor-element.elementor-element-37ddbbc8 > .elementor-background-overlay{transition:background 0.3s, border-radius 0.3s, opacity 0.3s;}.elementor-bc-flex-widget .elementor-1145 .elementor-element.elementor-element-5b14eff2.elementor-column .elementor-widget-wrap{align-items:center;}.elementor-1145 .elementor-element.elementor-element-5b14eff2.elementor-column.elementor-element[data-element_type=\"column\"] > .elementor-widget-wrap.elementor-element-populated{align-content:center;align-items:center;}.elementor-1145 .elementor-element.elementor-element-5b14eff2 > .elementor-element-populated{margin:0px 50px 0px 0px;--e-column-margin-right:50px;--e-column-margin-left:0px;}@media(max-width:1024px) and (min-width:768px){.elementor-1145 .elementor-element.elementor-element-5b14eff2{width:100%;}}@media(max-width:1024px){.elementor-1145 .elementor-element.elementor-element-a7b195f:not(.elementor-motion-effects-element-type-background), .elementor-1145 .elementor-element.elementor-element-a7b195f > .elementor-motion-effects-container > .elementor-motion-effects-layer{background-position:65% 0%;}.elementor-1145 .elementor-element.elementor-element-1a43e880 > .elementor-element-populated{margin:0px 10px 0px 10px;--e-column-margin-right:10px;--e-column-margin-left:10px;}.elementor-1145 .elementor-element.elementor-element-51c4cc4a .elementor-heading-title{font-size:var( --e-global-typography-bef57b0-font-size );line-height:var( --e-global-typography-bef57b0-line-height );letter-spacing:var( --e-global-typography-bef57b0-letter-spacing );word-spacing:var( --e-global-typography-bef57b0-word-spacing );}.elementor-1145 .elementor-element.elementor-element-535ab448 .elementor-icon-list-item > .elementor-icon-list-text, .elementor-1145 .elementor-element.elementor-element-535ab448 .elementor-icon-list-item > a{font-size:var( --e-global-typography-88a4c76-font-size );line-height:var( --e-global-typography-88a4c76-line-height );letter-spacing:var( --e-global-typography-88a4c76-letter-spacing );word-spacing:var( --e-global-typography-88a4c76-word-spacing );}.elementor-1145 .elementor-element.elementor-element-37ddbbc8{padding:80px 10px 80px 10px;}.elementor-1145 .elementor-element.elementor-element-5b14eff2 > .elementor-element-populated{margin:0px 0px 20px 0px;--e-column-margin-right:0px;--e-column-margin-left:0px;}}@media(max-width:767px){.elementor-1145 .elementor-element.elementor-element-a7b195f:not(.elementor-motion-effects-element-type-background), .elementor-1145 .elementor-element.elementor-element-a7b195f > .elementor-motion-effects-container > .elementor-motion-effects-layer{background-position:70% 0%;}.elementor-1145 .elementor-element.elementor-element-a7b195f{padding:250px 5px 150px 5px;}.elementor-1145 .elementor-element.elementor-element-1a43e880 > .elementor-element-populated{margin:0px 0px 0px 0px;--e-column-margin-right:0px;--e-column-margin-left:0px;}.elementor-1145 .elementor-element.elementor-element-51c4cc4a .elementor-heading-title{font-size:var( --e-global-typography-bef57b0-font-size );line-height:var( --e-global-typography-bef57b0-line-height );letter-spacing:var( --e-global-typography-bef57b0-letter-spacing );word-spacing:var( --e-global-typography-bef57b0-word-spacing );}.elementor-1145 .elementor-element.elementor-element-535ab448 .elementor-icon-list-item > .elementor-icon-list-text, .elementor-1145 .elementor-element.elementor-element-535ab448 .elementor-icon-list-item > a{font-size:var( --e-global-typography-88a4c76-font-size );line-height:var( --e-global-typography-88a4c76-line-height );letter-spacing:var( --e-global-typography-88a4c76-letter-spacing );word-spacing:var( --e-global-typography-88a4c76-word-spacing );}.elementor-1145 .elementor-element.elementor-element-37ddbbc8{padding:50px 5px 50px 5px;}.elementor-1145 .elementor-element.elementor-element-5b14eff2 > .elementor-element-populated{margin:0px 0px 0px 0px;--e-column-margin-right:0px;--e-column-margin-left:0px;}}@media(min-width:1025px){.elementor-1145 .elementor-element.elementor-element-a7b195f:not(.elementor-motion-effects-element-type-background), .elementor-1145 .elementor-element.elementor-element-a7b195f > .elementor-motion-effects-container > .elementor-motion-effects-layer{background-attachment:fixed;}}<\/style>\t\t<div data-elementor-type=\"wp-page\" data-elementor-id=\"1145\" class=\"elementor elementor-1145 elementor-1141\">\n\t\t\t\t\t\t<section class=\"elementor-section elementor-top-section elementor-element elementor-element-a7b195f elementor-reverse-tablet elementor-reverse-mobile elementor-section-boxed elementor-section-height-default elementor-section-height-default\" data-id=\"a7b195f\" data-element_type=\"section\" data-e-type=\"section\" data-settings=\"{&quot;background_background&quot;:&quot;classic&quot;,&quot;shape_divider_bottom&quot;:&quot;tilt&quot;}\">\n\t\t\t\t\t\t\t<div class=\"elementor-background-overlay\"><\/div>\n\t\t\t\t\t\t<div class=\"elementor-shape elementor-shape-bottom\" aria-hidden=\"true\" data-negative=\"false\">\n\t\t\t<svg xmlns=\"http:\/\/www.w3.org\/2000\/svg\" viewBox=\"0 0 1000 100\" preserveAspectRatio=\"none\">\n\t<path class=\"elementor-shape-fill\" d=\"M0,6V0h1000v100L0,6z\"\/>\n<\/svg>\t\t<\/div>\n\t\t\t\t\t<div class=\"elementor-container elementor-column-gap-default\">\n\t\t\t\t\t<div class=\"elementor-column elementor-col-100 elementor-top-column elementor-element elementor-element-1a43e880\" data-id=\"1a43e880\" data-element_type=\"column\" data-e-type=\"column\">\n\t\t\t<div class=\"elementor-widget-wrap elementor-element-populated\">\n\t\t\t\t\t\t<div class=\"elementor-element elementor-element-51c4cc4a elementor-widget elementor-widget-heading\" data-id=\"51c4cc4a\" data-element_type=\"widget\" data-e-type=\"widget\" data-widget_type=\"heading.default\">\n\t\t\t\t<div class=\"elementor-widget-container\">\n\t\t\t\t\t<h2 class=\"elementor-heading-title elementor-size-default\">Reservations<\/h2>\t\t\t\t<\/div>\n\t\t\t\t<\/div>\n\t\t\t\t<div class=\"elementor-element elementor-element-535ab448 elementor-align-start elementor-icon-list--layout-inline elementor-mobile-align-start elementor-list-item-link-full_width elementor-widget elementor-widget-icon-list\" data-id=\"535ab448\" data-element_type=\"widget\" data-e-type=\"widget\" data-widget_type=\"icon-list.default\">\n\t\t\t\t<div class=\"elementor-widget-container\">\n\t\t\t\t\t\t\t<ul class=\"elementor-icon-list-items elementor-inline-items\">\n\t\t\t\t\t\t\t<li class=\"elementor-icon-list-item elementor-inline-item\">\n\t\t\t\t\t\t\t\t\t\t\t<a href=\"https:\/\/www.galaxiavr.sk\/en\/\">\n\n\t\t\t\t\t\t\t\t\t\t\t<span class=\"elementor-icon-list-text\">Home<\/span>\n\t\t\t\t\t\t\t\t\t\t\t<\/a>\n\t\t\t\t\t\t\t\t\t<\/li>\n\t\t\t\t\t\t\t\t<li class=\"elementor-icon-list-item elementor-inline-item\">\n\t\t\t\t\t\t\t\t\t\t<span class=\"elementor-icon-list-text\">Reservations<\/span>\n\t\t\t\t\t\t\t\t\t<\/li>\n\t\t\t\t\t\t<\/ul>\n\t\t\t\t\t\t<\/div>\n\t\t\t\t<\/div>\n\t\t\t\t\t<\/div>\n\t\t<\/div>\n\t\t\t\t\t<\/div>\n\t\t<\/section>\n\t\t\t\t<section class=\"elementor-section elementor-top-section elementor-element elementor-element-37ddbbc8 elementor-section-boxed elementor-section-height-default elementor-section-height-default\" data-id=\"37ddbbc8\" data-element_type=\"section\" data-e-type=\"section\" data-settings=\"{&quot;background_background&quot;:&quot;classic&quot;}\">\n\t\t\t\t\t\t<div class=\"elementor-container elementor-column-gap-default\">\n\t\t\t\t\t<div class=\"elementor-column elementor-col-100 elementor-top-column elementor-element elementor-element-5b14eff2\" data-id=\"5b14eff2\" data-element_type=\"column\" data-e-type=\"column\">\n\t\t\t<div class=\"elementor-widget-wrap elementor-element-populated\">\n\t\t\t\t\t\t<div class=\"elementor-element elementor-element-eab6d0d elementor-widget elementor-widget-text-editor\" data-id=\"eab6d0d\" data-element_type=\"widget\" data-e-type=\"widget\" data-widget_type=\"text-editor.default\">\n\t\t\t\t<div class=\"elementor-widget-container\">\n\t\t\t\t\t\t\t\t\t<p>Reservations are only possible for the current week. If you want to book a later date, please call: <a href=\"tel:+421917553493\"><span class=\"elementor-icon-list-text\">+421 917 553 493<\/span><\/a><\/p>\t\t\t\t\t\t\t\t<\/div>\n\t\t\t\t<\/div>\n\t\t\t\t<div class=\"elementor-element elementor-element-8bde3e4 elementor-widget elementor-widget-shortcode\" data-id=\"8bde3e4\" data-element_type=\"widget\" data-e-type=\"widget\" data-widget_type=\"shortcode.default\">\n\t\t\t\t<div class=\"elementor-widget-container\">\n\t\t\t\t\t\t\t<div class=\"elementor-shortcode\"><!-- inserted reservanto code -->\n<div style=\"max-width:1200px;height:800px;\" class=\"reservanto-iframe\" data-id=\"4392\" ><\/div>\n<script defer type=\"text\/javascript\" src=\"https:\/\/booking.reservanto.sk\/Script\/reservanto-iframe.js\"><\/script>\n<!-- end of inserted reservanto code --><\/div>\n\t\t\t\t\t\t<\/div>\n\t\t\t\t<\/div>\n\t\t\t\t\t<\/div>\n\t\t<\/div>\n\t\t\t\t\t<\/div>\n\t\t<\/section>\n\t\t\t\t<\/div>\n\t\t","protected":false},"excerpt":{"rendered":"<p>Reservations Home Reservations Reservations are only possible for the current week. If you want to book a later date, please call: +421 917 553 493<\/p>\n","protected":false},"author":1,"featured_media":0,"parent":0,"menu_order":0,"comment_status":"closed","ping_status":"closed","template":"elementor_header_footer","meta":{"om_disable_all_campaigns":false,"footnotes":""},"class_list":["post-1145","page","type-page","status-publish","hentry"],"yoast_head":"<!-- This site is optimized with the Yoast SEO plugin v27.4 - https:\/\/yoast.com\/product\/yoast-seo-wordpress\/ -->\n<title>Reservations - GalaxiaVR Centrum z\u00e1bavy: virtu\u00e1lna realita, biliard, escape room<\/title>\n<meta name=\"description\" content=\"GalaxiaVR Centrum z\u00e1bavy: virtu\u00e1lna realita, biliard, escape room\" \/>\n<meta name=\"robots\" content=\"index, follow, max-snippet:-1, max-image-preview:large, max-video-preview:-1\" \/>\n<link rel=\"canonical\" href=\"https:\/\/galaxiavr.sk\/rezervacie\/\" \/>\n<meta property=\"og:locale\" content=\"en_US\" \/>\n<meta property=\"og:type\" content=\"article\" \/>\n<meta property=\"og:title\" content=\"Reservations - GalaxiaVR Centrum z\u00e1bavy: virtu\u00e1lna realita, biliard, escape room\" \/>\n<meta property=\"og:description\" content=\"GalaxiaVR Centrum z\u00e1bavy: virtu\u00e1lna realita, biliard, escape room\" \/>\n<meta property=\"og:url\" content=\"https:\/\/galaxiavr.sk\/rezervacie\/\" \/>\n<meta property=\"og:site_name\" content=\"GalaxiaVR Centrum z\u00e1bavy: virtu\u00e1lna realita, biliard, escape room\" \/>\n<meta property=\"article:modified_time\" content=\"2024-11-30T17:32:49+00:00\" \/>\n<meta name=\"twitter:card\" content=\"summary_large_image\" \/>\n<meta name=\"twitter:label1\" content=\"Est. reading time\" \/>\n\t<meta name=\"twitter:data1\" content=\"1 minute\" \/>\n<script type=\"application\/ld+json\" class=\"yoast-schema-graph\">{\"@context\":\"https:\\\/\\\/schema.org\",\"@graph\":[{\"@type\":\"WebPage\",\"@id\":\"https:\\\/\\\/galaxiavr.sk\\\/rezervacie\\\/\",\"url\":\"https:\\\/\\\/galaxiavr.sk\\\/rezervacie\\\/\",\"name\":\"Reservations - GalaxiaVR Centrum z\u00e1bavy: virtu\u00e1lna realita, biliard, escape room\",\"isPartOf\":{\"@id\":\"https:\\\/\\\/galaxiavr.sk\\\/#website\"},\"datePublished\":\"2023-11-21T07:49:17+00:00\",\"dateModified\":\"2024-11-30T17:32:49+00:00\",\"description\":\"GalaxiaVR Centrum z\u00e1bavy: virtu\u00e1lna realita, biliard, escape room\",\"breadcrumb\":{\"@id\":\"https:\\\/\\\/galaxiavr.sk\\\/rezervacie\\\/#breadcrumb\"},\"inLanguage\":\"en-US\",\"potentialAction\":[{\"@type\":\"ReadAction\",\"target\":[\"https:\\\/\\\/galaxiavr.sk\\\/rezervacie\\\/\"]}]},{\"@type\":\"BreadcrumbList\",\"@id\":\"https:\\\/\\\/galaxiavr.sk\\\/rezervacie\\\/#breadcrumb\",\"itemListElement\":[{\"@type\":\"ListItem\",\"position\":1,\"name\":\"Domovsk\u00e1 str\u00e1nka\",\"item\":\"https:\\\/\\\/galaxiavr.sk\\\/en\\\/\"},{\"@type\":\"ListItem\",\"position\":2,\"name\":\"Reservations\"}]},{\"@type\":\"WebSite\",\"@id\":\"https:\\\/\\\/galaxiavr.sk\\\/#website\",\"url\":\"https:\\\/\\\/galaxiavr.sk\\\/\",\"name\":\"Galaxia centrum z\u00e1bavy\",\"description\":\"\",\"alternateName\":\"Galaxia VR\",\"potentialAction\":[{\"@type\":\"SearchAction\",\"target\":{\"@type\":\"EntryPoint\",\"urlTemplate\":\"https:\\\/\\\/galaxiavr.sk\\\/?s={search_term_string}\"},\"query-input\":{\"@type\":\"PropertyValueSpecification\",\"valueRequired\":true,\"valueName\":\"search_term_string\"}}],\"inLanguage\":\"en-US\"}]}<\/script>\n<!-- \/ Yoast SEO plugin. -->","yoast_head_json":{"title":"Reservations - GalaxiaVR Centrum z\u00e1bavy: virtu\u00e1lna realita, biliard, escape room","description":"GalaxiaVR Centrum z\u00e1bavy: virtu\u00e1lna realita, biliard, escape room","robots":{"index":"index","follow":"follow","max-snippet":"max-snippet:-1","max-image-preview":"max-image-preview:large","max-video-preview":"max-video-preview:-1"},"canonical":"https:\/\/galaxiavr.sk\/rezervacie\/","og_locale":"en_US","og_type":"article","og_title":"Reservations - GalaxiaVR Centrum z\u00e1bavy: virtu\u00e1lna realita, biliard, escape room","og_description":"GalaxiaVR Centrum z\u00e1bavy: virtu\u00e1lna realita, biliard, escape room","og_url":"https:\/\/galaxiavr.sk\/rezervacie\/","og_site_name":"GalaxiaVR Centrum z\u00e1bavy: virtu\u00e1lna realita, biliard, escape room","article_modified_time":"2024-11-30T17:32:49+00:00","twitter_card":"summary_large_image","twitter_misc":{"Est. reading time":"1 minute"},"schema":{"@context":"https:\/\/schema.org","@graph":[{"@type":"WebPage","@id":"https:\/\/galaxiavr.sk\/rezervacie\/","url":"https:\/\/galaxiavr.sk\/rezervacie\/","name":"Reservations - GalaxiaVR Centrum z\u00e1bavy: virtu\u00e1lna realita, biliard, escape room","isPartOf":{"@id":"https:\/\/galaxiavr.sk\/#website"},"datePublished":"2023-11-21T07:49:17+00:00","dateModified":"2024-11-30T17:32:49+00:00","description":"GalaxiaVR Centrum z\u00e1bavy: virtu\u00e1lna realita, biliard, escape room","breadcrumb":{"@id":"https:\/\/galaxiavr.sk\/rezervacie\/#breadcrumb"},"inLanguage":"en-US","potentialAction":[{"@type":"ReadAction","target":["https:\/\/galaxiavr.sk\/rezervacie\/"]}]},{"@type":"BreadcrumbList","@id":"https:\/\/galaxiavr.sk\/rezervacie\/#breadcrumb","itemListElement":[{"@type":"ListItem","position":1,"name":"Domovsk\u00e1 str\u00e1nka","item":"https:\/\/galaxiavr.sk\/en\/"},{"@type":"ListItem","position":2,"name":"Reservations"}]},{"@type":"WebSite","@id":"https:\/\/galaxiavr.sk\/#website","url":"https:\/\/galaxiavr.sk\/","name":"Galaxia centrum z\u00e1bavy","description":"","alternateName":"Galaxia VR","potentialAction":[{"@type":"SearchAction","target":{"@type":"EntryPoint","urlTemplate":"https:\/\/galaxiavr.sk\/?s={search_term_string}"},"query-input":{"@type":"PropertyValueSpecification","valueRequired":true,"valueName":"search_term_string"}}],"inLanguage":"en-US"}]}},"_links":{"self":[{"href":"https:\/\/galaxiavr.sk\/en\/wp-json\/wp\/v2\/pages\/1145","targetHints":{"allow":["GET"]}}],"collection":[{"href":"https:\/\/galaxiavr.sk\/en\/wp-json\/wp\/v2\/pages"}],"about":[{"href":"https:\/\/galaxiavr.sk\/en\/wp-json\/wp\/v2\/types\/page"}],"author":[{"embeddable":true,"href":"https:\/\/galaxiavr.sk\/en\/wp-json\/wp\/v2\/users\/1"}],"replies":[{"embeddable":true,"href":"https:\/\/galaxiavr.sk\/en\/wp-json\/wp\/v2\/comments?post=1145"}],"version-history":[{"count":12,"href":"https:\/\/galaxiavr.sk\/en\/wp-json\/wp\/v2\/pages\/1145\/revisions"}],"predecessor-version":[{"id":2863,"href":"https:\/\/galaxiavr.sk\/en\/wp-json\/wp\/v2\/pages\/1145\/revisions\/2863"}],"wp:attachment":[{"href":"https:\/\/galaxiavr.sk\/en\/wp-json\/wp\/v2\/media?parent=1145"}],"curies":[{"name":"wp","href":"https:\/\/api.w.org\/{rel}","templated":true}]}}